{"id":55,"date":"2023-03-25T20:55:35","date_gmt":"2023-03-25T20:55:35","guid":{"rendered":"https:\/\/eatwiser.de\/?page_id=55"},"modified":"2023-10-21T20:48:59","modified_gmt":"2023-10-21T20:48:59","slug":"shop","status":"publish","type":"page","link":"https:\/\/www.eatwiser.de\/","title":{"rendered":"Home"},"content":{"rendered":"<p>[et_pb_section fb_built=&#8221;1&#8243; custom_padding_last_edited=&#8221;on|phone&#8221; admin_label=&#8221;Header&#8221; _builder_version=&#8221;4.16&#8243; background_color=&#8221;#fffafc&#8221; background_enable_image=&#8221;off&#8221; background_size=&#8221;contain&#8221; overflow-x=&#8221;hidden&#8221; overflow-y=&#8221;hidden&#8221; custom_padding=&#8221;8vw||8vw||true|false&#8221; custom_padding_tablet=&#8221;||120px||false|false&#8221; custom_padding_phone=&#8221;&#8221; locked=&#8221;off&#8221; global_colors_info=&#8221;{}&#8221;][et_pb_row column_structure=&#8221;3_5,2_5&#8243; use_custom_gutter=&#8221;on&#8221; gutter_width=&#8221;2&#8243; custom_padding_last_edited=&#8221;on|tablet&#8221; padding_top_bottom_link_1=&#8221;true&#8221; padding_left_right_link_1=&#8221;true&#8221; _builder_version=&#8221;4.16&#8243; background_color=&#8221;#ffffff&#8221; background_enable_image=&#8221;off&#8221; background_position=&#8221;bottom_center&#8221; max_width=&#8221;1200px&#8221; custom_padding=&#8221;|60px||60px|false|true&#8221; custom_padding_tablet=&#8221;|30px||30px|false|true&#8221; custom_padding_phone=&#8221;|20px||20px|false|true&#8221; box_shadow_style=&#8221;preset3&#8243; box_shadow_vertical=&#8221;32px&#8221; box_shadow_blur=&#8221;90px&#8221; box_shadow_spread=&#8221;-16px&#8221; box_shadow_color=&#8221;rgba(0,0,0,0.4)&#8221; use_custom_width=&#8221;on&#8221; width_unit=&#8221;off&#8221; custom_width_percent=&#8221;100%&#8221; global_colors_info=&#8221;{}&#8221;][et_pb_column type=&#8221;3_5&#8243; _builder_version=&#8221;4.16&#8243; custom_padding=&#8221;10%||||false|false&#8221; custom_padding_tablet=&#8221;0%||||false|false&#8221; custom_padding_phone=&#8221;&#8221; custom_padding_last_edited=&#8221;on|tablet&#8221; global_colors_info=&#8221;{}&#8221;][et_pb_text _builder_version=&#8221;4.23&#8243; header_font=&#8221;DM Serif Display||||||||&#8221; header_text_color=&#8221;#388908&#8243; header_font_size=&#8221;70px&#8221; header_line_height=&#8221;1.2em&#8221; header_2_font=&#8221;Sue Ellen Francisco||||||||&#8221; header_2_text_color=&#8221;#ff8640&#8243; header_2_font_size=&#8221;56px&#8221; header_2_line_height=&#8221;1.6em&#8221; max_width_tablet=&#8221;70%&#8221; max_width_last_edited=&#8221;off|phone&#8221; header_font_size_tablet=&#8221;52px&#8221; header_font_size_phone=&#8221;40px&#8221; header_font_size_last_edited=&#8221;on|phone&#8221; header_2_font_size_tablet=&#8221;40px&#8221; header_2_font_size_phone=&#8221;24px&#8221; header_2_font_size_last_edited=&#8221;on|phone&#8221; global_colors_info=&#8221;{}&#8221;]<\/p>\n<h1>B.Sc. Rima Khater<\/h1>\n<h2><span style=\"color: #000000;\">Ern\u00e4hrung mit Verstand. Leben mit Herz.<\/span><\/h2>\n<p>[\/et_pb_text][\/et_pb_column][et_pb_column type=&#8221;2_5&#8243; _builder_version=&#8221;4.16&#8243; mix_blend_mode=&#8221;multiply&#8221; global_colors_info=&#8221;{}&#8221;][et_pb_image src=&#8221;https:\/\/www.eatwiser.de\/wp-content\/uploads\/2023\/10\/dietitian-101.jpg&#8221; title_text=&#8221;dietitian-101&#8243; _builder_version=&#8221;4.16&#8243; max_height_tablet=&#8221;550px&#8221; max_height_phone=&#8221;&#8221; max_height_last_edited=&#8221;on|tablet&#8221; custom_margin=&#8221;-50%|-70%|-50%||true|false&#8221; custom_margin_tablet=&#8221;0%|0%|-12%||false|false&#8221; custom_margin_phone=&#8221;|0px|0%||false|false&#8221; custom_margin_last_edited=&#8221;on|phone&#8221; scroll_horizontal_motion_enable=&#8221;on&#8221; scroll_horizontal_motion=&#8221;0|40|40|100|0|0|2&#8243; scroll_rotating=&#8221;0|40|40|100|0\u00b0|0\u00b0|20\u00b0&#8221; motion_trigger_start=&#8221;bottom&#8221; locked=&#8221;off&#8221; global_colors_info=&#8221;{}&#8221;][\/et_pb_image][\/et_pb_column][\/et_pb_row][\/et_pb_section][et_pb_section fb_built=&#8221;1&#8243; admin_label=&#8221;CTA&#8221; _builder_version=&#8221;4.16&#8243; background_color=&#8221;#fffafc&#8221; background_enable_image=&#8221;off&#8221; background_size=&#8221;initial&#8221; background_position=&#8221;top_center&#8221; overflow-x=&#8221;hidden&#8221; overflow-y=&#8221;hidden&#8221; global_colors_info=&#8221;{}&#8221;][et_pb_row custom_padding_last_edited=&#8221;on|tablet&#8221; _builder_version=&#8221;4.16&#8243; background_color=&#8221;#353752&#8243; background_image=&#8221;https:\/\/www.eatwiser.de\/wp-content\/uploads\/2023\/10\/dietitian-87.png&#8221; background_size=&#8221;contain&#8221; background_position=&#8221;bottom_left&#8221; max_width=&#8221;1200px&#8221; custom_padding=&#8221;80px|20px|80px|20px|true|true&#8221; custom_padding_tablet=&#8221;60px||60px||true|true&#8221; custom_padding_phone=&#8221;&#8221; hover_enabled=&#8221;0&#8243; locked=&#8221;off&#8221; global_colors_info=&#8221;{}&#8221; sticky_enabled=&#8221;0&#8243;][et_pb_column type=&#8221;4_4&#8243; _builder_version=&#8221;4.16&#8243; global_colors_info=&#8221;{}&#8221;][et_pb_text _builder_version=&#8221;4.23&#8243; text_font_size=&#8221;16px&#8221; text_line_height=&#8221;2em&#8221; header_2_font=&#8221;DM Serif Display||||||||&#8221; header_2_text_color=&#8221;#FFFFFF&#8221; header_2_font_size=&#8221;105px&#8221; header_2_line_height=&#8221;1.2em&#8221; header_3_font=&#8221;DM Serif Display||||||||&#8221; header_3_font_size=&#8221;32px&#8221; header_3_line_height=&#8221;1.2em&#8221; text_orientation=&#8221;center&#8221; background_layout=&#8221;dark&#8221; max_width=&#8221;800px&#8221; max_width_tablet=&#8221;none&#8221; max_width_phone=&#8221;none&#8221; max_width_last_edited=&#8221;off|desktop&#8221; module_alignment=&#8221;center&#8221; custom_padding=&#8221;|||||false&#8221; custom_padding_tablet=&#8221;|60px||60px|false|true&#8221; custom_padding_phone=&#8221;|30px||30px|false|true&#8221; custom_padding_last_edited=&#8221;off|phone&#8221; hover_enabled=&#8221;0&#8243; text_font_size_tablet=&#8221;&#8221; text_font_size_phone=&#8221;14px&#8221; text_font_size_last_edited=&#8221;on|phone&#8221; header_2_font_size_tablet=&#8221;60px&#8221; header_2_font_size_phone=&#8221;40px&#8221; header_2_font_size_last_edited=&#8221;on|tablet&#8221; header_3_font_size_tablet=&#8221;25px&#8221; header_3_font_size_phone=&#8221;20px&#8221; header_3_font_size_last_edited=&#8221;on|tablet&#8221; global_colors_info=&#8221;{}&#8221; sticky_enabled=&#8221;0&#8243;]<\/p>\n<h3>Rima Khater \u2013 Ihre qualifizierte Di\u00e4tassistentin<\/h3>\n<p>Mit einem Bachelorabschluss in Ern\u00e4hrungswissenschaften und Di\u00e4tetik und spezialisiertem Wissen in bariatrischer Chirurgie bringe ich umfassende Expertise in den Bereich der Ern\u00e4hrungsberatung. Ihre sorgf\u00e4ltige Arbeit und Hingabe machen sie nicht nur zu einer kompetenten Di\u00e4tassistentin, sondern auch zu einer vertrauensw\u00fcrdigen Partnerin auf Ihrem Weg zu einem ges\u00fcnderen Lebensstil.<\/p>\n<p>Ich befinde mich derzeit in der Weiterbildung zur Diabetesassistentin, um meine Bandbreite an Dienstleistungen zu erweitern und individuelle L\u00f6sungen f\u00fcr Menschen mit Diabetes zu bieten.<\/p>\n<p>Ein besonderes Merkmal meiner Beratung ist meine kulturelle Vielseitigkeit. Ich berate flie\u00dfend sowohl auf Deutsch als auch auf Arabisch. Dadurch bin ich in der einzigartigen Position, eine Br\u00fccke zwischen verschiedenen Kulturen zu schlagen und sicherzustellen, dass Ern\u00e4hrungsberatung f\u00fcr jeden zug\u00e4nglich ist, unabh\u00e4ngig von Sprache oder kulturellem Hintergrund.<\/p>\n<p>Vertrauen Sie auf meine umfangreichen Kenntnisse und meine Leidenschaft f\u00fcr gesunde Ern\u00e4hrung. Gemeinsam finden wir den Weg zu einem erf\u00fcllteren, ges\u00fcnderen Leben.<\/p>\n<p>[\/et_pb_text][\/et_pb_column][\/et_pb_row][\/et_pb_section]<\/p>\n","protected":false},"excerpt":{"rendered":"<p>B.Sc. Rima Khater Ern\u00e4hrung mit Verstand. Leben mit Herz.Rima Khater \u2013 Ihre qualifizierte Di\u00e4tassistentin Mit einem Bachelorabschluss in Ern\u00e4hrungswissenschaften und Di\u00e4tetik und spezialisiertem Wissen in bariatrischer Chirurgie bringe ich umfassende Expertise in den Bereich der Ern\u00e4hrungsberatung. Ihre sorgf\u00e4ltige Arbeit und Hingabe machen sie nicht nur zu einer kompetenten Di\u00e4tassistentin, sondern auch zu einer vertrauensw\u00fcrdigen Partnerin [&hellip;]<\/p>\n","protected":false},"author":1,"featured_media":0,"parent":0,"menu_order":0,"comment_status":"closed","ping_status":"closed","template":"","meta":{"_et_pb_use_builder":"on","_et_pb_old_content":"","_et_gb_content_width":"","footnotes":""},"_links":{"self":[{"href":"https:\/\/www.eatwiser.de\/index.php?rest_route=\/wp\/v2\/pages\/55"}],"collection":[{"href":"https:\/\/www.eatwiser.de\/index.php?rest_route=\/wp\/v2\/pages"}],"about":[{"href":"https:\/\/www.eatwiser.de\/index.php?rest_route=\/wp\/v2\/types\/page"}],"author":[{"embeddable":true,"href":"https:\/\/www.eatwiser.de\/index.php?rest_route=\/wp\/v2\/users\/1"}],"replies":[{"embeddable":true,"href":"https:\/\/www.eatwiser.de\/index.php?rest_route=%2Fwp%2Fv2%2Fcomments&post=55"}],"version-history":[{"count":16,"href":"https:\/\/www.eatwiser.de\/index.php?rest_route=\/wp\/v2\/pages\/55\/revisions"}],"predecessor-version":[{"id":218,"href":"https:\/\/www.eatwiser.de\/index.php?rest_route=\/wp\/v2\/pages\/55\/revisions\/218"}],"wp:attachment":[{"href":"https:\/\/www.eatwiser.de\/index.php?rest_route=%2Fwp%2Fv2%2Fmedia&parent=55"}],"curies":[{"name":"wp","href":"https:\/\/api.w.org\/{rel}","templated":true}]}}